{"id":6138,"date":"2022-05-13T13:17:23","date_gmt":"2022-05-13T10:17:23","guid":{"rendered":"https:\/\/kvest.ee\/pood\/ultimate-npcs-skulduggery\/"},"modified":"2025-02-19T21:35:41","modified_gmt":"2025-02-19T19:35:41","slug":"ultimate-npcs-skulduggery","status":"publish","type":"product","link":"https:\/\/kvest.ee\/en\/toode\/ultimate-npcs-skulduggery\/","title":{"rendered":"Ultimate NPCs: Skulduggery"},"content":{"rendered":"<p>Nord Games&#8217;i poolt koostatud raamat, mis iga DMi m\u00f5tteid k\u00e4ima paneb kui vaja luua tegelasi oma m\u00e4ngijatele kohtumiseks.\u00a0<em>Ultimate NPCs: Skulduggery<\/em> sisaldab kollektsioone tegelastest, taustadest ning vajalikest andmetest. Raamatu temaatika keskendub kaheldava v\u00e4\u00e4rtuse ja taustaga tegelastel, mis j\u00e4\u00e4vad levelivahemikku 1 kuni 20. Kokku leiab lehtedelt 180 unikaalset tegelast ning raamat sobib nii Dungeons &amp; Dragons 5E kui ka Pathfinder 2E s\u00fcsteemiga.<\/p>\n","protected":false},"excerpt":{"rendered":"<p>Nord Games&#8217;i poolt koostatud raamat, mis iga DMi m\u00f5tteid k\u00e4ima paneb kui vaja luua tegelasi oma m\u00e4ngijatele kohtumiseks.\u00a0Ultimate NPCs: Skulduggery sisaldab kollektsioone tegelastest, taustadest ning vajalikest andmetest. Raamatu temaatika keskendub kaheldava v\u00e4\u00e4rtuse ja taustaga tegelastel, mis j\u00e4\u00e4vad levelivahemikku 1 kuni 20. Kokku leiab lehtedelt 180 unikaalset tegelast ning raamat sobib nii Dungeons &amp; Dragons 5E [&hellip;]<\/p>\n","protected":false},"featured_media":5786,"template":"","meta":{"_et_pb_use_builder":"","_et_pb_old_content":"","_et_gb_content_width":""},"product_brand":[],"product_cat":[447],"product_tag":[448,449,450],"class_list":{"0":"post-6138","1":"product","2":"type-product","3":"status-publish","4":"has-post-thumbnail","6":"product_cat-books","7":"product_tag-laiend-en","8":"product_tag-nord-games-en","9":"product_tag-raamat-en","11":"first","12":"instock","13":"sale","14":"sold-individually","15":"taxable","16":"shipping-taxable","17":"purchasable","18":"product-type-simple"},"yoast_head":"<!-- This site is optimized with the Yoast SEO plugin v26.1.1 - https:\/\/yoast.com\/wordpress\/plugins\/seo\/ -->\n<title>Ultimate NPCs: Skulduggery - KVEST<\/title>\n<meta name=\"robots\" content=\"index, follow, max-snippet:-1, max-image-preview:large, max-video-preview:-1\" \/>\n<link rel=\"canonical\" href=\"https:\/\/kvest.ee\/en\/toode\/ultimate-npcs-skulduggery\/\" \/>\n<meta property=\"og:locale\" content=\"en_US\" \/>\n<meta property=\"og:type\" content=\"article\" \/>\n<meta property=\"og:title\" content=\"Ultimate NPCs: Skulduggery - KVEST\" \/>\n<meta property=\"og:description\" content=\"Nord Games&#8217;i poolt koostatud raamat, mis iga DMi m\u00f5tteid k\u00e4ima paneb kui vaja luua tegelasi oma m\u00e4ngijatele kohtumiseks.\u00a0Ultimate NPCs: Skulduggery sisaldab kollektsioone tegelastest, taustadest ning vajalikest andmetest. Raamatu temaatika keskendub kaheldava v\u00e4\u00e4rtuse ja taustaga tegelastel, mis j\u00e4\u00e4vad levelivahemikku 1 kuni 20. Kokku leiab lehtedelt 180 unikaalset tegelast ning raamat sobib nii Dungeons &amp; Dragons 5E [&hellip;]\" \/>\n<meta property=\"og:url\" content=\"https:\/\/kvest.ee\/en\/toode\/ultimate-npcs-skulduggery\/\" \/>\n<meta property=\"og:site_name\" content=\"KVEST\" \/>\n<meta property=\"article:modified_time\" content=\"2025-02-19T19:35:41+00:00\" \/>\n<meta property=\"og:image\" content=\"https:\/\/kvest.ee\/wp-content\/uploads\/2022\/05\/npcbook-scaled.jpg\" \/>\n\t<meta property=\"og:image:width\" content=\"2560\" \/>\n\t<meta property=\"og:image:height\" content=\"1640\" \/>\n\t<meta property=\"og:image:type\" content=\"image\/jpeg\" \/>\n<meta name=\"twitter:card\" content=\"summary_large_image\" \/>\n<meta name=\"twitter:label1\" content=\"Est. reading time\" \/>\n\t<meta name=\"twitter:data1\" content=\"1 minute\" \/>\n<script type=\"application\/ld+json\" class=\"yoast-schema-graph\">{\"@context\":\"https:\/\/schema.org\",\"@graph\":[{\"@type\":\"WebPage\",\"@id\":\"https:\/\/kvest.ee\/en\/toode\/ultimate-npcs-skulduggery\/\",\"url\":\"https:\/\/kvest.ee\/en\/toode\/ultimate-npcs-skulduggery\/\",\"name\":\"Ultimate NPCs: Skulduggery - KVEST\",\"isPartOf\":{\"@id\":\"https:\/\/kvest.ee\/en\/#website\"},\"primaryImageOfPage\":{\"@id\":\"https:\/\/kvest.ee\/en\/toode\/ultimate-npcs-skulduggery\/#primaryimage\"},\"image\":{\"@id\":\"https:\/\/kvest.ee\/en\/toode\/ultimate-npcs-skulduggery\/#primaryimage\"},\"thumbnailUrl\":\"https:\/\/kvest.ee\/wp-content\/uploads\/2022\/05\/npcbook-scaled.jpg\",\"datePublished\":\"2022-05-13T10:17:23+00:00\",\"dateModified\":\"2025-02-19T19:35:41+00:00\",\"breadcrumb\":{\"@id\":\"https:\/\/kvest.ee\/en\/toode\/ultimate-npcs-skulduggery\/#breadcrumb\"},\"inLanguage\":\"en-US\",\"potentialAction\":[{\"@type\":\"ReadAction\",\"target\":[\"https:\/\/kvest.ee\/en\/toode\/ultimate-npcs-skulduggery\/\"]}]},{\"@type\":\"ImageObject\",\"inLanguage\":\"en-US\",\"@id\":\"https:\/\/kvest.ee\/en\/toode\/ultimate-npcs-skulduggery\/#primaryimage\",\"url\":\"https:\/\/kvest.ee\/wp-content\/uploads\/2022\/05\/npcbook-scaled.jpg\",\"contentUrl\":\"https:\/\/kvest.ee\/wp-content\/uploads\/2022\/05\/npcbook-scaled.jpg\",\"width\":2560,\"height\":1640},{\"@type\":\"BreadcrumbList\",\"@id\":\"https:\/\/kvest.ee\/en\/toode\/ultimate-npcs-skulduggery\/#breadcrumb\",\"itemListElement\":[{\"@type\":\"ListItem\",\"position\":1,\"name\":\"Home\",\"item\":\"https:\/\/kvest.ee\/en\/avaleht\/\"},{\"@type\":\"ListItem\",\"position\":2,\"name\":\"Shop\",\"item\":\"https:\/\/kvest.ee\/en\/\"},{\"@type\":\"ListItem\",\"position\":3,\"name\":\"Ultimate NPCs: Skulduggery\"}]},{\"@type\":\"WebSite\",\"@id\":\"https:\/\/kvest.ee\/en\/#website\",\"url\":\"https:\/\/kvest.ee\/en\/\",\"name\":\"KVEST\",\"description\":\"Eesti Dungeons &amp; Dragons Lauam\u00e4ngu kommuun\",\"publisher\":{\"@id\":\"https:\/\/kvest.ee\/en\/#organization\"},\"potentialAction\":[{\"@type\":\"SearchAction\",\"target\":{\"@type\":\"EntryPoint\",\"urlTemplate\":\"https:\/\/kvest.ee\/en\/?s={search_term_string}\"},\"query-input\":{\"@type\":\"PropertyValueSpecification\",\"valueRequired\":true,\"valueName\":\"search_term_string\"}}],\"inLanguage\":\"en-US\"},{\"@type\":\"Organization\",\"@id\":\"https:\/\/kvest.ee\/en\/#organization\",\"name\":\"KVEST\",\"url\":\"https:\/\/kvest.ee\/en\/\",\"logo\":{\"@type\":\"ImageObject\",\"inLanguage\":\"en-US\",\"@id\":\"https:\/\/kvest.ee\/en\/#\/schema\/logo\/image\/\",\"url\":\"https:\/\/kvest.ee\/wp-content\/uploads\/2020\/10\/kvest512.png\",\"contentUrl\":\"https:\/\/kvest.ee\/wp-content\/uploads\/2020\/10\/kvest512.png\",\"width\":1039,\"height\":1031,\"caption\":\"KVEST\"},\"image\":{\"@id\":\"https:\/\/kvest.ee\/en\/#\/schema\/logo\/image\/\"}}]}<\/script>\n<!-- \/ Yoast SEO plugin. -->","yoast_head_json":{"title":"Ultimate NPCs: Skulduggery - KVEST","robots":{"index":"index","follow":"follow","max-snippet":"max-snippet:-1","max-image-preview":"max-image-preview:large","max-video-preview":"max-video-preview:-1"},"canonical":"https:\/\/kvest.ee\/en\/toode\/ultimate-npcs-skulduggery\/","og_locale":"en_US","og_type":"article","og_title":"Ultimate NPCs: Skulduggery - KVEST","og_description":"Nord Games&#8217;i poolt koostatud raamat, mis iga DMi m\u00f5tteid k\u00e4ima paneb kui vaja luua tegelasi oma m\u00e4ngijatele kohtumiseks.\u00a0Ultimate NPCs: Skulduggery sisaldab kollektsioone tegelastest, taustadest ning vajalikest andmetest. Raamatu temaatika keskendub kaheldava v\u00e4\u00e4rtuse ja taustaga tegelastel, mis j\u00e4\u00e4vad levelivahemikku 1 kuni 20. Kokku leiab lehtedelt 180 unikaalset tegelast ning raamat sobib nii Dungeons &amp; Dragons 5E [&hellip;]","og_url":"https:\/\/kvest.ee\/en\/toode\/ultimate-npcs-skulduggery\/","og_site_name":"KVEST","article_modified_time":"2025-02-19T19:35:41+00:00","og_image":[{"width":2560,"height":1640,"url":"https:\/\/kvest.ee\/wp-content\/uploads\/2022\/05\/npcbook-scaled.jpg","type":"image\/jpeg"}],"twitter_card":"summary_large_image","twitter_misc":{"Est. reading time":"1 minute"},"schema":{"@context":"https:\/\/schema.org","@graph":[{"@type":"WebPage","@id":"https:\/\/kvest.ee\/en\/toode\/ultimate-npcs-skulduggery\/","url":"https:\/\/kvest.ee\/en\/toode\/ultimate-npcs-skulduggery\/","name":"Ultimate NPCs: Skulduggery - KVEST","isPartOf":{"@id":"https:\/\/kvest.ee\/en\/#website"},"primaryImageOfPage":{"@id":"https:\/\/kvest.ee\/en\/toode\/ultimate-npcs-skulduggery\/#primaryimage"},"image":{"@id":"https:\/\/kvest.ee\/en\/toode\/ultimate-npcs-skulduggery\/#primaryimage"},"thumbnailUrl":"https:\/\/kvest.ee\/wp-content\/uploads\/2022\/05\/npcbook-scaled.jpg","datePublished":"2022-05-13T10:17:23+00:00","dateModified":"2025-02-19T19:35:41+00:00","breadcrumb":{"@id":"https:\/\/kvest.ee\/en\/toode\/ultimate-npcs-skulduggery\/#breadcrumb"},"inLanguage":"en-US","potentialAction":[{"@type":"ReadAction","target":["https:\/\/kvest.ee\/en\/toode\/ultimate-npcs-skulduggery\/"]}]},{"@type":"ImageObject","inLanguage":"en-US","@id":"https:\/\/kvest.ee\/en\/toode\/ultimate-npcs-skulduggery\/#primaryimage","url":"https:\/\/kvest.ee\/wp-content\/uploads\/2022\/05\/npcbook-scaled.jpg","contentUrl":"https:\/\/kvest.ee\/wp-content\/uploads\/2022\/05\/npcbook-scaled.jpg","width":2560,"height":1640},{"@type":"BreadcrumbList","@id":"https:\/\/kvest.ee\/en\/toode\/ultimate-npcs-skulduggery\/#breadcrumb","itemListElement":[{"@type":"ListItem","position":1,"name":"Home","item":"https:\/\/kvest.ee\/en\/avaleht\/"},{"@type":"ListItem","position":2,"name":"Shop","item":"https:\/\/kvest.ee\/en\/"},{"@type":"ListItem","position":3,"name":"Ultimate NPCs: Skulduggery"}]},{"@type":"WebSite","@id":"https:\/\/kvest.ee\/en\/#website","url":"https:\/\/kvest.ee\/en\/","name":"KVEST","description":"Eesti Dungeons &amp; Dragons Lauam\u00e4ngu kommuun","publisher":{"@id":"https:\/\/kvest.ee\/en\/#organization"},"potentialAction":[{"@type":"SearchAction","target":{"@type":"EntryPoint","urlTemplate":"https:\/\/kvest.ee\/en\/?s={search_term_string}"},"query-input":{"@type":"PropertyValueSpecification","valueRequired":true,"valueName":"search_term_string"}}],"inLanguage":"en-US"},{"@type":"Organization","@id":"https:\/\/kvest.ee\/en\/#organization","name":"KVEST","url":"https:\/\/kvest.ee\/en\/","logo":{"@type":"ImageObject","inLanguage":"en-US","@id":"https:\/\/kvest.ee\/en\/#\/schema\/logo\/image\/","url":"https:\/\/kvest.ee\/wp-content\/uploads\/2020\/10\/kvest512.png","contentUrl":"https:\/\/kvest.ee\/wp-content\/uploads\/2020\/10\/kvest512.png","width":1039,"height":1031,"caption":"KVEST"},"image":{"@id":"https:\/\/kvest.ee\/en\/#\/schema\/logo\/image\/"}}]}},"_links":{"self":[{"href":"https:\/\/kvest.ee\/en\/wp-json\/wp\/v2\/product\/6138","targetHints":{"allow":["GET"]}}],"collection":[{"href":"https:\/\/kvest.ee\/en\/wp-json\/wp\/v2\/product"}],"about":[{"href":"https:\/\/kvest.ee\/en\/wp-json\/wp\/v2\/types\/product"}],"wp:featuredmedia":[{"embeddable":true,"href":"https:\/\/kvest.ee\/en\/wp-json\/wp\/v2\/media\/5786"}],"wp:attachment":[{"href":"https:\/\/kvest.ee\/en\/wp-json\/wp\/v2\/media?parent=6138"}],"wp:term":[{"taxonomy":"product_brand","embeddable":true,"href":"https:\/\/kvest.ee\/en\/wp-json\/wp\/v2\/product_brand?post=6138"},{"taxonomy":"product_cat","embeddable":true,"href":"https:\/\/kvest.ee\/en\/wp-json\/wp\/v2\/product_cat?post=6138"},{"taxonomy":"product_tag","embeddable":true,"href":"https:\/\/kvest.ee\/en\/wp-json\/wp\/v2\/product_tag?post=6138"}],"curies":[{"name":"wp","href":"https:\/\/api.w.org\/{rel}","templated":true}]}}